{"id":7114,"date":"2024-08-26T19:00:08","date_gmt":"2024-08-26T16:00:08","guid":{"rendered":"http:\/\/vincom.ee\/privaatsuspoliitika\/"},"modified":"2025-10-23T01:10:30","modified_gmt":"2025-10-22T22:10:30","slug":"datenschutzbestimmungen","status":"publish","type":"page","link":"https:\/\/vincom.ee\/de\/datenschutzbestimmungen\/","title":{"rendered":"Datenschutzrichtlinie"},"content":{"rendered":"<div data-elementor-type=\"wp-page\" data-elementor-id=\"7114\" class=\"elementor elementor-7114\" data-elementor-post-type=\"page\">\n\t\t\t\t<div class=\"elementor-element elementor-element-3b0da5c3 e-con-full e-flex e-con e-parent\" data-id=\"3b0da5c3\" data-element_type=\"container\" data-e-type=\"container\" data-settings=\"{&quot;background_background&quot;:&quot;classic&quot;}\">\n\t\t<div class=\"elementor-element elementor-element-3272524a e-flex e-con-boxed e-con e-child\" data-id=\"3272524a\" data-element_type=\"container\" data-e-type=\"container\">\n\t\t\t\t\t<div class=\"e-con-inner\">\n\t\t\t\t<div class=\"elementor-element elementor-element-43b2cbb1 elementor-widget elementor-widget-heading\" data-id=\"43b2cbb1\" data-element_type=\"widget\" data-e-type=\"widget\" data-widget_type=\"heading.default\">\n\t\t\t\t<div class=\"elementor-widget-container\">\n\t\t\t\t\t<h2 class=\"elementor-heading-title elementor-size-default\">Datenschutzpolitik und Verarbeitung personenbezogener Daten<\/h2>\t\t\t\t<\/div>\n\t\t\t\t<\/div>\n\t\t\t\t<div class=\"elementor-element elementor-element-260a7f2e elementor-widget elementor-widget-text-editor\" data-id=\"260a7f2e\" data-element_type=\"widget\" data-e-type=\"widget\" data-widget_type=\"text-editor.default\">\n\t\t\t\t<div class=\"elementor-widget-container\">\n\t\t\t\t\t\t\t\t\t<p><strong>Inhaber der Datenverarbeitung Vincom O\u00dc<\/strong><\/p>\n<p>12437794<br>Landkreis Viljandi, Gemeinde P\u00f5hja-Sakala,<br><span style=\"font-style: inherit; text-align: var(--text-align);\">Dorf K\u00f5idama, Olustvere tee 17, 71504, Estland<\/span><\/p>\n<p><span style=\"font-style: inherit; text-align: var(--text-align);\">vincom@vincom.ee<\/span><\/p>\t\t\t\t\t\t\t\t<\/div>\n\t\t\t\t<\/div>\n\t\t\t\t\t<\/div>\n\t\t\t\t<\/div>\n\t\t\t\t<\/div>\n\t\t<div class=\"elementor-element elementor-element-6d77a97c e-flex e-con-boxed e-con e-parent\" data-id=\"6d77a97c\" data-element_type=\"container\" data-e-type=\"container\">\n\t\t\t\t\t<div class=\"e-con-inner\">\n\t\t\t\t<div class=\"elementor-element elementor-element-233cf519 elementor-widget__width-initial elementor-widget elementor-widget-text-editor\" data-id=\"233cf519\" data-element_type=\"widget\" data-e-type=\"widget\" data-widget_type=\"text-editor.default\">\n\t\t\t\t<div class=\"elementor-widget-container\">\n\t\t\t\t\t\t\t\t\t<p>Personenbezogene Daten sind Daten, die wir erheben, um eine Dienstleistung zu erbringen, um eine Person zu identifizieren, um eine Person zu kontaktieren, um eine Dienstleistung zu erbringen oder um Fragen zu beantworten. Wir verarbeiten keine sensiblen personenbezogenen Daten im Sinne der Verordnung (EU) 2016\/679 des Europ\u00e4ischen Parlaments und des Rates (Allgemeine Datenschutzverordnung oder GDPR oder EU-Verordnung 2016\/679).<\/p><p><b>Definitionen<\/b><\/p><p>Der f\u00fcr die Verarbeitung Verantwortliche ist die nat\u00fcrliche oder juristische Person, Beh\u00f6rde, Einrichtung oder andere Stelle, die \u00fcber die Zwecke und Mittel der Verarbeitung von personenbezogenen Daten entscheidet;<\/p><p>Ein Auftragsverarbeiter ist eine nat\u00fcrliche oder juristische Person, Beh\u00f6rde, Einrichtung oder andere Stelle, die personenbezogene Daten im Auftrag des f\u00fcr die Verarbeitung Verantwortlichen verarbeitet;<\/p><p>Personenbezogene Daten sind alle Informationen, die sich auf eine identifizierte oder identifizierbare nat\u00fcrliche Person (\"betroffene Person\") beziehen; als identifizierbar wird eine nat\u00fcrliche Person angesehen, die direkt oder indirekt identifiziert werden kann, insbesondere durch Zuordnung zu einer Kennung wie einem Namen, zu einem Identifizierungscode, zu Standortdaten, zu einer Netzkennung oder zu einem oder mehreren besonderen Merkmalen, die Ausdruck der physischen, physiologischen, genetischen, psychischen, wirtschaftlichen, kulturellen oder sozialen Identit\u00e4t dieser nat\u00fcrlichen Person sind;<\/p><p>Verarbeitung personenbezogener Daten\" ist jeder automatisierte oder nicht automatisierte Vorgang oder jede automatisierte oder nicht automatisierte Vorgangsreihe im Zusammenhang mit personenbezogenen Daten oder einer Reihe personenbezogener Daten wie das Erheben, das Erfassen, die Organisation, das Ordnen, die Speicherung, die Anpassung und Ver\u00e4nderung, das Auslesen, das Abfragen, die Benutzung, die Weitergabe durch \u00dcbermittlung, Verbreitung oder jede andere Form der Bereitstellung, die Kombination oder die Verkn\u00fcpfung sowie das Einschr\u00e4nken, L\u00f6schen oder Vernichten;<\/p><p>Ein \"Cookie\" ist eine kleine Textdatei, die eine Website auf Ihrem Computer oder Smartger\u00e4t speichert, wenn Sie unsere Website besuchen. Sie erm\u00f6glicht es uns, Informationen \u00fcber Ihre Pr\u00e4ferenzen zu speichern, so dass Sie beim Besuch der Website oder beim Durchsuchen der Seiten nicht erneut eine Auswahl treffen m\u00fcssen.<\/p><p><b>Welche personenbezogenen Daten erheben wir und zu welchem Zweck?<\/b><\/p><p>Vincom O\u00dc sammelt die folgenden Daten:<\/p><p>Name<br \/><span style=\"font-style: inherit; text-align: var(--text-align);\">E-Mail Adresse<\/span><\/p><p>F\u00fcr den Fall, dass Sie \u00fcber die Website weitere Informationen \u00fcber eine Dienstleistung erhalten m\u00f6chten, erheben und verarbeiten wir folgende personenbezogene Daten: Ihren Namen und Ihre E-Mail-Adresse. Anfragen k\u00f6nnen \u00fcber das entsprechende Kontaktformular oder per E-Mail an die auf der Website angegebenen Adressen gestellt werden. Die aus der Kreditanfrage gewonnenen Informationen \u00fcber das Unternehmen werden wir auch zur Erstellung des Angebots verwenden.<\/p><p>Die Rechtsgrundlage f\u00fcr diese Verarbeitung personenbezogener Daten ist die Verarbeitung personenbezogener Daten zur Erf\u00fcllung eines mit der betroffenen Person geschlossenen Vertrags oder f\u00fcr vorvertragliche Ma\u00dfnahmen auf Antrag der betroffenen Person (Artikel 6 Absatz 1 Buchstabe b DSGVO).<\/p><p><b>Website-Browsing-Statistiken<\/b><\/p><p>Beim Besuch der Website werden nicht pers\u00f6nlich identifizierbare technische Daten \u00fcber den Besucher gesammelt.<\/p><p>Die technischen Daten beschr\u00e4nken sich auf die Internet-Protokoll-Adresse (IP-Adresse) des verwendeten Computers oder Computernetzes, den Browser und die Softwareversion des Betriebssystems des Computers, den Zeitpunkt (Uhrzeit, Datum, Jahr) und den Ort des Besuchs. IP-Adressen werden nicht mit pers\u00f6nlich identifizierbaren Informationen verkn\u00fcpft.<\/p><p>Wir verwenden Google Analytics, ein automatisiertes Tool, um die oben genannten Daten zu sammeln. Wenn Sie nicht m\u00f6chten, dass diese Informationen \u00fcber Sie an uns \u00fcbermittelt werden, k\u00f6nnen Sie der Erfassung Ihrer Daten durch Google Analytics jederzeit widersprechen.<\/p><p><strong>Cookies<\/strong><\/p><p>Unsere Websites verwenden Cookies, um die Qualit\u00e4t der von uns angebotenen Dienste zu verbessern. Wir verwenden Sitzungscookies, dauerhafte Cookies und Cookies von Dritten (Google Analytics, Facebook).<\/p><p>Um Ihre Pr\u00e4ferenzen zu speichern, z. B. Sprache, Farbkontraste oder Schriftgr\u00f6\u00dfe. Um zu wissen, ob Sie unsere Cookies auf dieser Seite akzeptiert haben (oder nicht). Um verl\u00e4ssliche Informationen \u00fcber den Verkehr auf der Seite zu sammeln, die es uns erm\u00f6glichen, zu messen, wie gut die Seite den Bed\u00fcrfnissen der Nutzer entspricht, und um m\u00f6gliche Verbesserungen vorzunehmen. Das Zulassen von Cookies ist f\u00fcr die grundlegende Funktionalit\u00e4t der Website nicht unbedingt erforderlich, erm\u00f6glicht aber ein besseres Surferlebnis. Sie k\u00f6nnen Cookies jederzeit l\u00f6schen oder blockieren, wenn Sie dies w\u00fcnschen, aber dies kann dazu f\u00fchren, dass einige Funktionen der Website nicht wie vorgesehen funktionieren.<\/p><p>Bitte beachten Sie, dass einige Cookies von einem Drittanbieter stammen, der einige dieser Funktionen in unserem Namen ausf\u00fchrt. Die mit den Cookies verbundenen Informationen werden nicht dazu verwendet, Sie zu identifizieren, und die gesammelten Daten stehen unter unserer Kontrolle. Cookies werden f\u00fcr keinen anderen Zweck als den oben beschriebenen verwendet.<\/p><p><b>Wie lange werden die Daten aufbewahrt?<br \/><\/b>Die auf der Website erhobenen nicht-personenbezogenen technischen Daten werden auf unbestimmte Zeit gespeichert.\u00a0<\/p><p>Wir werden personenbezogene Daten und Kundendaten so lange aufbewahren, wie es notwendig ist, um: 1) Ihnen Dienstleistungen und Informationen zur Verf\u00fcgung zu stellen 2) mit Ihnen \u00fcber Ihre Anfragen zu kommunizieren 3) sicherzustellen, dass Sie Ihre Wahlm\u00f6glichkeiten und Rechte wahrnehmen k\u00f6nnen.<\/p><p><strong>Weitergabe personenbezogener Daten<\/strong><\/p><p>Wir k\u00f6nnen Ihre pers\u00f6nlichen, kunden- oder gesch\u00e4ftsbezogenen Daten Unternehmen zur Verf\u00fcgung stellen, die Dienstleistungen zur Unterst\u00fctzung unserer Gesch\u00e4ftst\u00e4tigkeit erbringen, wie z. B. Website-Analyse- oder Kundendienstanbieter. Diese Unternehmen sind befugt, Ihre pers\u00f6nlichen, kundenbezogenen oder gesch\u00e4ftlichen Daten nur zur Erbringung von Dienstleistungen f\u00fcr uns zu verwenden. Bei der Auswahl von Dienstleistern achten wir darauf, dass der Dienstleister seinen Sitz im Europ\u00e4ischen Wirtschaftsraum hat.<\/p><p>Wir geben Ihre pers\u00f6nlichen, kunden- oder gesch\u00e4ftsbezogenen Daten nur wie in der Datenschutzerkl\u00e4rung beschrieben an Dritte weiter. Wir werden Ihre pers\u00f6nlichen Daten nicht an Dritte verkaufen.<\/p><p><strong>Rechte<\/strong><\/p><p>In bestimmten F\u00e4llen haben Sie das Recht, die Einschr\u00e4nkung der Verarbeitung der Sie betreffenden personenbezogenen Daten zu verlangen und der Verarbeitung der Sie betreffenden personenbezogenen Daten zu widersprechen.<\/p><p>Wenn Sie der Meinung sind, dass Ihre Privatsph\u00e4re missbraucht wurde, wenden Sie sich bitte an den f\u00fcr die Verarbeitung Verantwortlichen. Sie haben auch das Recht, bei der Datenschutzaufsichtsbeh\u00f6rde des Landes, in dem Sie Ihren gew\u00f6hnlichen Aufenthalt haben, eine Beschwerde einzureichen.<\/p><p><b>R\u00fccknahme der Zustimmung zur Verarbeitung personenbezogener Daten<\/b><\/p><p>Wenn Sie vergessen werden m\u00f6chten, teilen Sie uns dies bitte schriftlich unter vincom@vincom.ee mit. Auf Anfrage werden wir die Informationen \u00fcber Ihre Anfrage(n) aus unseren Systemen entfernen.<\/p>\t\t\t\t\t\t\t\t<\/div>\n\t\t\t\t<\/div>\n\t\t\t\t\t<\/div>\n\t\t\t\t<\/div>\n\t\t\t\t<\/div>","protected":false},"excerpt":{"rendered":"<p>Datenschutzrichtlinie und Verarbeitung personenbezogener Daten Data Controller Vincom O\u00dc 12437794Viljandi County, P\u00f5hja-Sakala Parish,K\u00f5idama Village, Olustvere tee 17, 71504, Estland vincom@vincom.ee Personenbezogene Daten sind Daten, die wir zum Zweck der Erbringung einer Dienstleistung, der Identifizierung einer Person, der Kontaktaufnahme mit einer Person zur Erbringung einer Dienstleistung oder zur L\u00f6sung von Problemen erfassen. Wir verarbeiten keine personenbezogenen Daten gem\u00e4\u00df der VERORDNUNG (EU) 2016\/679 DES EUROP\u00c4ISCHEN PARLAMENTS UND DES RATES (Allgemeine Datenschutzverordnung oder GDPR oder [...]]<\/p>","protected":false},"author":1,"featured_media":0,"parent":0,"menu_order":0,"comment_status":"closed","ping_status":"closed","template":"elementor_header_footer","meta":{"footnotes":""},"class_list":["post-7114","page","type-page","status-publish","hentry"],"_links":{"self":[{"href":"https:\/\/vincom.ee\/de\/wp-json\/wp\/v2\/pages\/7114","targetHints":{"allow":["GET"]}}],"collection":[{"href":"https:\/\/vincom.ee\/de\/wp-json\/wp\/v2\/pages"}],"about":[{"href":"https:\/\/vincom.ee\/de\/wp-json\/wp\/v2\/types\/page"}],"author":[{"embeddable":true,"href":"https:\/\/vincom.ee\/de\/wp-json\/wp\/v2\/users\/1"}],"replies":[{"embeddable":true,"href":"https:\/\/vincom.ee\/de\/wp-json\/wp\/v2\/comments?post=7114"}],"version-history":[{"count":5,"href":"https:\/\/vincom.ee\/de\/wp-json\/wp\/v2\/pages\/7114\/revisions"}],"predecessor-version":[{"id":17078,"href":"https:\/\/vincom.ee\/de\/wp-json\/wp\/v2\/pages\/7114\/revisions\/17078"}],"wp:attachment":[{"href":"https:\/\/vincom.ee\/de\/wp-json\/wp\/v2\/media?parent=7114"}],"curies":[{"name":"wp","href":"https:\/\/api.w.org\/{rel}","templated":true}]}}