{"id":7114,"date":"2024-08-26T19:00:08","date_gmt":"2024-08-26T16:00:08","guid":{"rendered":"http:\/\/vincom.ee\/privaatsuspoliitika\/"},"modified":"2025-10-23T01:10:30","modified_gmt":"2025-10-22T22:10:30","slug":"politica-de-privacidad","status":"publish","type":"page","link":"https:\/\/vincom.ee\/es\/politica-de-privacidad\/","title":{"rendered":"Pol\u00edtica de privacidad"},"content":{"rendered":"<div data-elementor-type=\"wp-page\" data-elementor-id=\"7114\" class=\"elementor elementor-7114\" data-elementor-post-type=\"page\">\n\t\t\t\t<div class=\"elementor-element elementor-element-3b0da5c3 e-con-full e-flex e-con e-parent\" data-id=\"3b0da5c3\" data-element_type=\"container\" data-e-type=\"container\" data-settings=\"{&quot;background_background&quot;:&quot;classic&quot;}\">\n\t\t<div class=\"elementor-element elementor-element-3272524a e-flex e-con-boxed e-con e-child\" data-id=\"3272524a\" data-element_type=\"container\" data-e-type=\"container\">\n\t\t\t\t\t<div class=\"e-con-inner\">\n\t\t\t\t<div class=\"elementor-element elementor-element-43b2cbb1 elementor-widget elementor-widget-heading\" data-id=\"43b2cbb1\" data-element_type=\"widget\" data-e-type=\"widget\" data-widget_type=\"heading.default\">\n\t\t\t\t<div class=\"elementor-widget-container\">\n\t\t\t\t\t<h2 class=\"elementor-heading-title elementor-size-default\">Pol\u00edtica de privacidad y tratamiento de datos personales<\/h2>\t\t\t\t<\/div>\n\t\t\t\t<\/div>\n\t\t\t\t<div class=\"elementor-element elementor-element-260a7f2e elementor-widget elementor-widget-text-editor\" data-id=\"260a7f2e\" data-element_type=\"widget\" data-e-type=\"widget\" data-widget_type=\"text-editor.default\">\n\t\t\t\t<div class=\"elementor-widget-container\">\n\t\t\t\t\t\t\t\t\t<p><strong>Controlador de datos Vincom O\u00dc<\/strong><\/p>\n<p>12437794<br>Condado de Viljandi, parroquia de P\u00f5hja-Sakala,<br><span style=\"font-style: inherit; text-align: var(--text-align);\">Pueblo de K\u00f5idama, Olustvere tee 17, 71504, Estonia<\/span><\/p>\n<p><span style=\"font-style: inherit; text-align: var(--text-align);\">vincom@vincom.ee<\/span><\/p>\t\t\t\t\t\t\t\t<\/div>\n\t\t\t\t<\/div>\n\t\t\t\t\t<\/div>\n\t\t\t\t<\/div>\n\t\t\t\t<\/div>\n\t\t<div class=\"elementor-element elementor-element-6d77a97c e-flex e-con-boxed e-con e-parent\" data-id=\"6d77a97c\" data-element_type=\"container\" data-e-type=\"container\">\n\t\t\t\t\t<div class=\"e-con-inner\">\n\t\t\t\t<div class=\"elementor-element elementor-element-233cf519 elementor-widget__width-initial elementor-widget elementor-widget-text-editor\" data-id=\"233cf519\" data-element_type=\"widget\" data-e-type=\"widget\" data-widget_type=\"text-editor.default\">\n\t\t\t\t<div class=\"elementor-widget-container\">\n\t\t\t\t\t\t\t\t\t<p>Los datos personales son datos que recopilamos para prestar un servicio, identificar a una persona, ponernos en contacto con una persona para prestarle un servicio o responder a preguntas. No tratamos datos personales sensibles tal y como se definen en el Reglamento (UE) 2016\/679 del PARLAMENTO EUROPEO Y DEL CONSEJO (Reglamento general de protecci\u00f3n de datos o RGPD o Reglamento UE 2016\/679).<\/p><p><b>Definiciones<\/b><\/p><p>El responsable del tratamiento es la persona f\u00edsica o jur\u00eddica, autoridad p\u00fablica, agencia u otro organismo que determina los fines y medios del tratamiento de datos personales;<\/p><p>Un encargado del tratamiento autorizado es una persona f\u00edsica o jur\u00eddica, autoridad p\u00fablica, agencia u otro organismo que trata datos personales por cuenta de un responsable del tratamiento;<\/p><p>Los datos personales son cualquier informaci\u00f3n relativa a una persona f\u00edsica identificada o identificable (\"interesado\"); una persona f\u00edsica identificable es aquella cuya identidad puede determinarse, directa o indirectamente, en particular mediante un identificador, como un nombre, un c\u00f3digo de identificaci\u00f3n, datos de localizaci\u00f3n, un identificador de red o uno o varios elementos espec\u00edficos de la identidad f\u00edsica, fisiol\u00f3gica, gen\u00e9tica, ps\u00edquica, econ\u00f3mica, cultural o social de dicha persona f\u00edsica;<\/p><p>Tratamiento de datos personales\": cualquier operaci\u00f3n o conjunto de operaciones, automatizadas o no, efectuadas sobre datos personales o conjuntos de datos personales, como la recogida, registro, organizaci\u00f3n, estructuraci\u00f3n, conservaci\u00f3n, adaptaci\u00f3n y modificaci\u00f3n, extracci\u00f3n, consulta, utilizaci\u00f3n, comunicaci\u00f3n por transmisi\u00f3n, difusi\u00f3n o cualquier otra forma de habilitaci\u00f3n de acceso, cotejo o interconexi\u00f3n, limitaci\u00f3n, supresi\u00f3n o destrucci\u00f3n;<\/p><p>Una \"cookie\" es un peque\u00f1o archivo de texto que un sitio web almacena en su ordenador o dispositivo inteligente cuando visita nuestro sitio web. Nos permite almacenar informaci\u00f3n sobre sus preferencias para que no tenga que volver a elegir cuando visite el sitio o navegue por las p\u00e1ginas.<\/p><p><b>\u00bfQu\u00e9 datos personales recogemos y con qu\u00e9 fines?<\/b><\/p><p>Vincom O\u00dc recopila los siguientes datos:<\/p><p>Nombre<br \/><span style=\"font-style: inherit; text-align: var(--text-align);\">Correo electr\u00f3nico<\/span><\/p><p>En caso de que desee recibir m\u00e1s informaci\u00f3n sobre un servicio a trav\u00e9s del sitio web, recopilamos y procesamos los siguientes datos personales: su nombre y direcci\u00f3n de correo electr\u00f3nico. Las consultas pueden realizarse rellenando el formulario de contacto correspondiente o enviando un correo electr\u00f3nico a las direcciones indicadas en el sitio web. Tambi\u00e9n utilizaremos la informaci\u00f3n sobre la empresa obtenida de la consulta para preparar la oferta.<\/p><p>La base jur\u00eddica de dicho tratamiento de datos personales es el tratamiento de datos personales para la ejecuci\u00f3n de un contrato celebrado con el interesado o para la adopci\u00f3n de medidas precontractuales a petici\u00f3n del interesado (art\u00edculo 6, apartado 1, letra b) del RGPD).<\/p><p><b>Estad\u00edsticas de navegaci\u00f3n<\/b><\/p><p>Se recopilan datos t\u00e9cnicos no identificables personalmente sobre el visitante cuando visita el sitio web.<\/p><p>Los datos t\u00e9cnicos se limitan a la direcci\u00f3n del Protocolo de Internet (IP) del ordenador o de la red inform\u00e1tica utilizada, la versi\u00f3n del navegador y del software del sistema operativo del ordenador, la hora (hora, fecha, a\u00f1o) y el lugar de la visita. Las direcciones IP no est\u00e1n vinculadas a informaci\u00f3n personal identificable.<\/p><p>Utilizamos Google Analytics, una herramienta automatizada, para recopilar los datos anteriores. Si no desea que se nos transfiera esta informaci\u00f3n sobre usted, puede excluirse en cualquier momento de la recopilaci\u00f3n de sus datos por parte de Google Analytics.<\/p><p><strong>Cookies<\/strong><\/p><p>Nuestros sitios web utilizan cookies para mejorar la calidad de los servicios que ofrecemos. Utilizamos cookies de sesi\u00f3n, cookies persistentes y cookies de terceros (Google Analytics, Facebook).<\/p><p>Para recordar sus preferencias, como el idioma, los contrastes de color o el tama\u00f1o de letra. Para recordar si ha aceptado (o no) nuestras cookies en esta p\u00e1gina. Para recopilar informaci\u00f3n fiable sobre el tr\u00e1fico de la p\u00e1gina, lo que nos permite medir hasta qu\u00e9 punto la p\u00e1gina satisface las necesidades de los usuarios y realizar posibles mejoras. Permitir las cookies no es estrictamente necesario para la funcionalidad b\u00e1sica de la p\u00e1gina, pero proporciona una mejor experiencia de navegaci\u00f3n. Siempre puede eliminar o bloquear las cookies si lo desea, pero hacerlo puede impedir que algunas caracter\u00edsticas de la p\u00e1gina web funcionen seg\u00fan lo previsto.<\/p><p>Tenga en cuenta que algunas cookies proceden de un proveedor de servicios externo que realiza algunas de estas funciones en nuestro nombre. La informaci\u00f3n asociada a las cookies no se utiliza para identificarle y los datos recogidos est\u00e1n bajo nuestro control. Las cookies no se utilizar\u00e1n para ning\u00fan otro fin que no sea el descrito anteriormente.<\/p><p><b>\u00bfCu\u00e1nto tiempo conservamos los datos?<br \/><\/b>Los datos t\u00e9cnicos no personales recogidos en el sitio web se almacenar\u00e1n indefinidamente.\u00a0<\/p><p>Conservaremos los datos personales y de los clientes durante el tiempo que sea necesario para: 1) Proporcionarle servicios e informaci\u00f3n 2) Comunicarnos con usted en relaci\u00f3n con las solicitudes que haya realizado 3) Asegurarnos de que ejerce sus opciones y derechos.<\/p><p><strong>Compartir datos personales<\/strong><\/p><p>Podemos poner sus datos personales, de cliente o comerciales a disposici\u00f3n de empresas que prestan servicios de apoyo a nuestra actividad, como proveedores de an\u00e1lisis de sitios web o de servicios de atenci\u00f3n al cliente. Estas empresas est\u00e1n autorizadas a utilizar su informaci\u00f3n personal, de cliente o comercial \u00fanicamente para prestarnos servicios. Cuando seleccionamos proveedores de servicios, nos aseguramos de que est\u00e9n ubicados en el Espacio Econ\u00f3mico Europeo.<\/p><p>S\u00f3lo compartiremos su informaci\u00f3n personal, de cliente o comercial con terceros, tal como se describe en el Aviso de privacidad. No venderemos su informaci\u00f3n personal a terceros.<\/p><p><strong>Derechos<\/strong><\/p><p>En determinados casos, tiene derecho a solicitar la limitaci\u00f3n del tratamiento de los datos personales que le conciernen y a oponerse al tratamiento de los datos personales que le conciernen.<\/p><p>Si cree que se ha abusado de su privacidad, p\u00f3ngase en contacto con el responsable del tratamiento. Tambi\u00e9n tiene derecho a presentar una reclamaci\u00f3n ante la autoridad de control de protecci\u00f3n de datos del pa\u00eds en el que resida habitualmente.<\/p><p><b>Retirada del consentimiento para el tratamiento de datos personales<\/b><\/p><p>Si desea ser olvidado, h\u00e1ganoslo saber escribi\u00e9ndonos a vincom@vincom.ee. Si lo solicita, eliminaremos de nuestros sistemas la informaci\u00f3n relacionada con su(s) consulta(s).<\/p>\t\t\t\t\t\t\t\t<\/div>\n\t\t\t\t<\/div>\n\t\t\t\t\t<\/div>\n\t\t\t\t<\/div>\n\t\t\t\t<\/div>","protected":false},"excerpt":{"rendered":"<p>Pol\u00edtica de privacidad y tratamiento de datos personales Responsable del tratamiento Vincom O\u00dc 12437794Condado de Viljandi, parroquia de P\u00f5hja-Sakala,pueblo de K\u00f5idama, Olustvere tee 17, 71504, Estonia vincom@vincom.ee Los datos personales son datos que recopilamos con el fin de prestar un servicio, identificar a una persona, ponernos en contacto con una persona para prestarle un servicio o resolver problemas. No tratamos datos personales de conformidad con el REGLAMENTO (UE) 2016\/679 DEL PARLAMENTO EUROPEO Y DEL CONSEJO (Reglamento general de protecci\u00f3n de datos o GDPR o [...]<\/p>","protected":false},"author":1,"featured_media":0,"parent":0,"menu_order":0,"comment_status":"closed","ping_status":"closed","template":"elementor_header_footer","meta":{"footnotes":""},"class_list":["post-7114","page","type-page","status-publish","hentry"],"_links":{"self":[{"href":"https:\/\/vincom.ee\/es\/wp-json\/wp\/v2\/pages\/7114","targetHints":{"allow":["GET"]}}],"collection":[{"href":"https:\/\/vincom.ee\/es\/wp-json\/wp\/v2\/pages"}],"about":[{"href":"https:\/\/vincom.ee\/es\/wp-json\/wp\/v2\/types\/page"}],"author":[{"embeddable":true,"href":"https:\/\/vincom.ee\/es\/wp-json\/wp\/v2\/users\/1"}],"replies":[{"embeddable":true,"href":"https:\/\/vincom.ee\/es\/wp-json\/wp\/v2\/comments?post=7114"}],"version-history":[{"count":5,"href":"https:\/\/vincom.ee\/es\/wp-json\/wp\/v2\/pages\/7114\/revisions"}],"predecessor-version":[{"id":17078,"href":"https:\/\/vincom.ee\/es\/wp-json\/wp\/v2\/pages\/7114\/revisions\/17078"}],"wp:attachment":[{"href":"https:\/\/vincom.ee\/es\/wp-json\/wp\/v2\/media?parent=7114"}],"curies":[{"name":"wp","href":"https:\/\/api.w.org\/{rel}","templated":true}]}}