{"id":7114,"date":"2024-08-26T19:00:08","date_gmt":"2024-08-26T16:00:08","guid":{"rendered":"http:\/\/vincom.ee\/privaatsuspoliitika\/"},"modified":"2025-10-23T01:10:30","modified_gmt":"2025-10-22T22:10:30","slug":"politique-de-confidentialite","status":"publish","type":"page","link":"https:\/\/vincom.ee\/fr\/politique-de-confidentialite\/","title":{"rendered":"Politique de confidentialit\u00e9"},"content":{"rendered":"<div data-elementor-type=\"wp-page\" data-elementor-id=\"7114\" class=\"elementor elementor-7114\" data-elementor-post-type=\"page\">\n\t\t\t\t<div class=\"elementor-element elementor-element-3b0da5c3 e-con-full e-flex e-con e-parent\" data-id=\"3b0da5c3\" data-element_type=\"container\" data-e-type=\"container\" data-settings=\"{&quot;background_background&quot;:&quot;classic&quot;}\">\n\t\t<div class=\"elementor-element elementor-element-3272524a e-flex e-con-boxed e-con e-child\" data-id=\"3272524a\" data-element_type=\"container\" data-e-type=\"container\">\n\t\t\t\t\t<div class=\"e-con-inner\">\n\t\t\t\t<div class=\"elementor-element elementor-element-43b2cbb1 elementor-widget elementor-widget-heading\" data-id=\"43b2cbb1\" data-element_type=\"widget\" data-e-type=\"widget\" data-widget_type=\"heading.default\">\n\t\t\t\t<div class=\"elementor-widget-container\">\n\t\t\t\t\t<h2 class=\"elementor-heading-title elementor-size-default\">Politique de confidentialit\u00e9 et traitement des donn\u00e9es personnelles<\/h2>\t\t\t\t<\/div>\n\t\t\t\t<\/div>\n\t\t\t\t<div class=\"elementor-element elementor-element-260a7f2e elementor-widget elementor-widget-text-editor\" data-id=\"260a7f2e\" data-element_type=\"widget\" data-e-type=\"widget\" data-widget_type=\"text-editor.default\">\n\t\t\t\t<div class=\"elementor-widget-container\">\n\t\t\t\t\t\t\t\t\t<p><strong>Contr\u00f4leur des donn\u00e9es Vincom O\u00dc<\/strong><\/p>\n<p>12437794<br>D\u00e9partement de Viljandi, paroisse de P\u00f5hja-Sakala,<br><span style=\"font-style: inherit; text-align: var(--text-align);\">Village de K\u00f5idama, Olustvere tee 17, 71504, Estonie<\/span><\/p>\n<p><span style=\"font-style: inherit; text-align: var(--text-align);\">vincom@vincom.ee<\/span><\/p>\t\t\t\t\t\t\t\t<\/div>\n\t\t\t\t<\/div>\n\t\t\t\t\t<\/div>\n\t\t\t\t<\/div>\n\t\t\t\t<\/div>\n\t\t<div class=\"elementor-element elementor-element-6d77a97c e-flex e-con-boxed e-con e-parent\" data-id=\"6d77a97c\" data-element_type=\"container\" data-e-type=\"container\">\n\t\t\t\t\t<div class=\"e-con-inner\">\n\t\t\t\t<div class=\"elementor-element elementor-element-233cf519 elementor-widget__width-initial elementor-widget elementor-widget-text-editor\" data-id=\"233cf519\" data-element_type=\"widget\" data-e-type=\"widget\" data-widget_type=\"text-editor.default\">\n\t\t\t\t<div class=\"elementor-widget-container\">\n\t\t\t\t\t\t\t\t\t<p>Les donn\u00e9es personnelles sont des donn\u00e9es que nous collectons pour fournir un service, pour identifier une personne, pour contacter une personne afin de lui fournir un service, ou pour r\u00e9pondre \u00e0 des questions. Nous ne traitons pas de donn\u00e9es \u00e0 caract\u00e8re personnel sensibles telles que d\u00e9finies dans le r\u00e8glement (UE) 2016\/679 du PARLEMENT EUROP\u00c9EN ET DU CONSEIL (r\u00e8glement g\u00e9n\u00e9ral sur la protection des donn\u00e9es ou RGPD ou r\u00e8glement UE 2016\/679).<\/p><p><b>D\u00e9finitions<\/b><\/p><p>Le responsable du traitement est la personne physique ou morale, l'autorit\u00e9 publique, le service ou un autre organisme qui d\u00e9termine les finalit\u00e9s et les moyens du traitement des donn\u00e9es \u00e0 caract\u00e8re personnel ;<\/p><p>Un sous-traitant autoris\u00e9 est une personne physique ou morale, une autorit\u00e9 publique, une agence ou un autre organisme qui traite des donn\u00e9es \u00e0 caract\u00e8re personnel pour le compte d'un responsable du traitement ;<\/p><p>Une personne physique identifiable est une personne qui peut \u00eatre identifi\u00e9e, directement ou indirectement, notamment par r\u00e9f\u00e9rence \u00e0 un identifiant tel qu'un nom, un code d'identification, des donn\u00e9es de localisation, un identifiant de r\u00e9seau ou \u00e0 un ou plusieurs \u00e9l\u00e9ments sp\u00e9cifiques propres \u00e0 l'identit\u00e9 physique, physiologique, g\u00e9n\u00e9tique, psychique, \u00e9conomique, culturelle ou sociale de cette personne physique ;<\/p><p>On entend par \"traitement de donn\u00e9es \u00e0 caract\u00e8re personnel\" toute op\u00e9ration automatis\u00e9e ou non automatis\u00e9e ou tout ensemble d'op\u00e9rations automatis\u00e9es ou non automatis\u00e9es effectu\u00e9es sur des donn\u00e9es \u00e0 caract\u00e8re personnel ou des ensembles de donn\u00e9es \u00e0 caract\u00e8re personnel, telles que la collecte, l'enregistrement, l'organisation, la structuration, la conservation, l'adaptation et la modification, l'extraction, la consultation, l'utilisation, la divulgation par transmission, la diffusion ou toute autre forme de mise \u00e0 disposition, le rapprochement ou l'interconnexion, la limitation, l'effacement ou la destruction ;<\/p><p>Un \"cookie\" est un petit fichier texte qu'un site web stocke sur votre ordinateur ou votre appareil intelligent lorsque vous visitez notre site web. Il nous permet de stocker des informations sur vos pr\u00e9f\u00e9rences afin que vous n'ayez pas \u00e0 refaire des choix lorsque vous visitez le site ou parcourez des pages.<\/p><p><b>Quelles sont les donn\u00e9es personnelles que nous collectons et \u00e0 quelles fins ?<\/b><\/p><p>Vincom O\u00dc collecte les donn\u00e9es suivantes :<\/p><p>Nom<br \/><span style=\"font-style: inherit; text-align: var(--text-align);\">Adresse \u00e9lectronique<\/span><\/p><p>Si vous souhaitez recevoir plus d'informations sur un service via le site web, nous collectons et traitons les donn\u00e9es personnelles suivantes : votre nom et votre adresse \u00e9lectronique. Les demandes de renseignements peuvent \u00eatre faites en remplissant le formulaire de contact correspondant ou en envoyant un courrier \u00e9lectronique aux adresses indiqu\u00e9es sur le site web. Nous utiliserons \u00e9galement les informations sur l'entreprise obtenues gr\u00e2ce \u00e0 l'enqu\u00eate de solvabilit\u00e9 pour pr\u00e9parer l'offre.<\/p><p>La base juridique de ce traitement de donn\u00e9es \u00e0 caract\u00e8re personnel est le traitement de donn\u00e9es \u00e0 caract\u00e8re personnel pour l'ex\u00e9cution d'un contrat conclu avec la personne concern\u00e9e ou pour des mesures pr\u00e9contractuelles \u00e0 la demande de la personne concern\u00e9e (article 6, paragraphe 1, point b), du RGPD).<\/p><p><b>Statistiques de navigation sur le site web<\/b><\/p><p>Des donn\u00e9es techniques non identifiables personnellement sont collect\u00e9es sur le visiteur lorsqu'il visite le site web.<\/p><p>Les donn\u00e9es techniques se limitent \u00e0 l'adresse IP (Internet Protocol) de l'ordinateur ou du r\u00e9seau informatique utilis\u00e9, \u00e0 la version du navigateur et du syst\u00e8me d'exploitation de l'ordinateur, \u00e0 l'heure (heure, date, ann\u00e9e) et au lieu de la visite. Les adresses IP ne sont pas li\u00e9es \u00e0 des informations personnellement identifiables.<\/p><p>Nous utilisons Google Analytics, un outil automatis\u00e9, pour collecter les donn\u00e9es susmentionn\u00e9es. Si vous ne souhaitez pas que ces informations vous concernant nous soient transmises, vous pouvez \u00e0 tout moment refuser la collecte de vos donn\u00e9es par Google Analytics.<\/p><p><strong>Cookies<\/strong><\/p><p>Nos sites web utilisent des cookies pour am\u00e9liorer la qualit\u00e9 des services que nous fournissons. Nous utilisons des cookies de session, des cookies persistants et des cookies de tiers (Google Analytics, Facebook).<\/p><p>Pour m\u00e9moriser vos pr\u00e9f\u00e9rences, telles que la langue, les contrastes de couleur ou la taille de la police. Pour savoir si vous avez (ou non) accept\u00e9 nos cookies sur cette page. recueillir des informations fiables sur le trafic de la page, ce qui nous permet de mesurer dans quelle mesure la page r\u00e9pond aux besoins des utilisateurs et d'y apporter d'\u00e9ventuelles am\u00e9liorations. L'autorisation des cookies n'est pas strictement n\u00e9cessaire pour la fonctionnalit\u00e9 de base du site web, mais elle permet une meilleure exp\u00e9rience de navigation. Vous pouvez toujours supprimer ou bloquer les cookies si vous le souhaitez, mais cela peut emp\u00eacher certaines fonctionnalit\u00e9s du site web de fonctionner comme pr\u00e9vu.<\/p><p>Veuillez noter que certains cookies proviennent d'un prestataire de services tiers qui ex\u00e9cute certaines de ces fonctions en notre nom. Les informations associ\u00e9es aux cookies ne sont pas utilis\u00e9es pour vous identifier et les donn\u00e9es collect\u00e9es sont sous notre contr\u00f4le. Les cookies ne seront pas utilis\u00e9s \u00e0 d'autres fins que celles d\u00e9crites ci-dessus.<\/p><p><b>Combien de temps conservons-nous les donn\u00e9es ?<br \/><\/b>Les donn\u00e9es techniques non personnelles collect\u00e9es sur le site web seront stock\u00e9es ind\u00e9finiment.\u00a0<\/p><p>Nous conserverons les donn\u00e9es personnelles et les donn\u00e9es relatives aux clients aussi longtemps que n\u00e9cessaire pour : 1) vous fournir des services et des informations 2) communiquer avec vous au sujet des demandes que vous avez formul\u00e9es 3) veiller \u00e0 ce que vous exerciez vos choix et vos droits.<\/p><p><strong>Partage des donn\u00e9es personnelles<\/strong><\/p><p>Nous pouvons mettre vos informations personnelles, clients ou professionnelles \u00e0 la disposition de soci\u00e9t\u00e9s qui fournissent des services \u00e0 l'appui de nos activit\u00e9s, tels que des fournisseurs de services d'analyse de sites web ou de services \u00e0 la client\u00e8le. Ces soci\u00e9t\u00e9s sont autoris\u00e9es \u00e0 utiliser vos informations personnelles, clients ou professionnelles uniquement pour nous fournir des services. Lorsque nous s\u00e9lectionnons des prestataires de services, nous nous assurons qu'ils sont situ\u00e9s dans l'Espace \u00e9conomique europ\u00e9en.<\/p><p>Nous ne partagerons vos informations personnelles, clients ou commerciales avec des tiers que dans les conditions d\u00e9crites dans l'avis de confidentialit\u00e9. Nous ne vendrons pas vos informations personnelles \u00e0 des tiers.<\/p><p><strong>Droits de l'homme<\/strong><\/p><p>Dans certains cas, vous avez le droit de demander la limitation du traitement des donn\u00e9es \u00e0 caract\u00e8re personnel vous concernant et le droit de vous opposer au traitement des donn\u00e9es \u00e0 caract\u00e8re personnel vous concernant.<\/p><p>Si vous estimez que votre vie priv\u00e9e a \u00e9t\u00e9 viol\u00e9e, veuillez contacter le responsable du traitement des donn\u00e9es. Vous avez \u00e9galement le droit de d\u00e9poser une plainte aupr\u00e8s de l'autorit\u00e9 de contr\u00f4le de la protection des donn\u00e9es dans le pays o\u00f9 vous r\u00e9sidez habituellement.<\/p><p><b>Retrait du consentement au traitement des donn\u00e9es \u00e0 caract\u00e8re personnel<\/b><\/p><p>Si vous souhaitez que vos donn\u00e9es soient oubli\u00e9es, veuillez nous en informer en \u00e9crivant \u00e0 vincom@vincom.ee. Sur demande, nous supprimerons de nos syst\u00e8mes les informations relatives \u00e0 votre (vos) demande(s).<\/p>\t\t\t\t\t\t\t\t<\/div>\n\t\t\t\t<\/div>\n\t\t\t\t\t<\/div>\n\t\t\t\t<\/div>\n\t\t\t\t<\/div>","protected":false},"excerpt":{"rendered":"<p>Politique de confidentialit\u00e9 et traitement des donn\u00e9es personnelles Contr\u00f4leur de donn\u00e9es Vincom O\u00dc 12437794Comt\u00e9 de Viljandi, Paroisse de P\u00f5hja-Sakala,Village de K\u00f5idama, Olustvere tee 17, 71504, Estonie vincom@vincom.ee Les donn\u00e9es personnelles sont des donn\u00e9es que nous collectons dans le but de fournir un service, d'identifier une personne, de contacter une personne pour lui fournir un service ou pour r\u00e9soudre des probl\u00e8mes. Nous ne traitons pas les donn\u00e9es personnelles conform\u00e9ment au R\u00c8GLEMENT (UE) 2016\/679 DU PARLEMENT EUROP\u00c9EN ET DU CONSEIL (R\u00e8glement g\u00e9n\u00e9ral sur la protection des donn\u00e9es ou RGPD ou [...]]<\/p>","protected":false},"author":1,"featured_media":0,"parent":0,"menu_order":0,"comment_status":"closed","ping_status":"closed","template":"elementor_header_footer","meta":{"footnotes":""},"class_list":["post-7114","page","type-page","status-publish","hentry"],"_links":{"self":[{"href":"https:\/\/vincom.ee\/fr\/wp-json\/wp\/v2\/pages\/7114","targetHints":{"allow":["GET"]}}],"collection":[{"href":"https:\/\/vincom.ee\/fr\/wp-json\/wp\/v2\/pages"}],"about":[{"href":"https:\/\/vincom.ee\/fr\/wp-json\/wp\/v2\/types\/page"}],"author":[{"embeddable":true,"href":"https:\/\/vincom.ee\/fr\/wp-json\/wp\/v2\/users\/1"}],"replies":[{"embeddable":true,"href":"https:\/\/vincom.ee\/fr\/wp-json\/wp\/v2\/comments?post=7114"}],"version-history":[{"count":5,"href":"https:\/\/vincom.ee\/fr\/wp-json\/wp\/v2\/pages\/7114\/revisions"}],"predecessor-version":[{"id":17078,"href":"https:\/\/vincom.ee\/fr\/wp-json\/wp\/v2\/pages\/7114\/revisions\/17078"}],"wp:attachment":[{"href":"https:\/\/vincom.ee\/fr\/wp-json\/wp\/v2\/media?parent=7114"}],"curies":[{"name":"wp","href":"https:\/\/api.w.org\/{rel}","templated":true}]}}